{"id":18,"date":"2023-05-04T10:47:13","date_gmt":"2023-05-04T10:47:13","guid":{"rendered":"http:\/\/www.mariannevaalimaa.com\/?page_id=18"},"modified":"2025-12-31T09:09:48","modified_gmt":"2025-12-31T09:09:48","slug":"calendar","status":"publish","type":"page","link":"http:\/\/www.mariannevaalimaa.com\/?page_id=18","title":{"rendered":"Calendar"},"content":{"rendered":"\n<div style=\"height:58px\" aria-hidden=\"true\" class=\"wp-block-spacer\"><\/div>\n\n\n\n<h2 class=\"wp-block-heading has-text-align-center\"><strong>2026<\/strong><\/h2>\n\n\n\n<p class=\"has-text-align-center\"><strong>Open for bookings<\/strong> <\/p>\n\n\n\n<div style=\"height:18px\" aria-hidden=\"true\" class=\"wp-block-spacer\"><\/div>\n\n\n\n<figure class=\"wp-block-image aligncenter size-large\"><img loading=\"lazy\" decoding=\"async\" width=\"1024\" height=\"684\" src=\"https:\/\/www.mariannevaalimaa.com\/wp-content\/uploads\/2023\/05\/Circus-for-funk-promopic-9-1-1024x684.jpg\" alt=\"\" class=\"wp-image-89\" srcset=\"http:\/\/www.mariannevaalimaa.com\/wp-content\/uploads\/2023\/05\/Circus-for-funk-promopic-9-1-1024x684.jpg 1024w, http:\/\/www.mariannevaalimaa.com\/wp-content\/uploads\/2023\/05\/Circus-for-funk-promopic-9-1-300x200.jpg 300w, http:\/\/www.mariannevaalimaa.com\/wp-content\/uploads\/2023\/05\/Circus-for-funk-promopic-9-1-768x513.jpg 768w, http:\/\/www.mariannevaalimaa.com\/wp-content\/uploads\/2023\/05\/Circus-for-funk-promopic-9-1-1536x1025.jpg 1536w, http:\/\/www.mariannevaalimaa.com\/wp-content\/uploads\/2023\/05\/Circus-for-funk-promopic-9-1.jpg 2048w\" sizes=\"auto, (max-width: 1024px) 100vw, 1024px\" \/><\/figure>\n\n\n\n<p class=\"has-text-align-center\"><strong>Past events<\/strong><\/p>\n\n\n\n<p class=\"has-text-align-center\"><strong>2025<\/strong><\/p>\n\n\n\n<p class=\"has-text-align-center\">17.-19.7. Pflasterspektakel Linz, Austria<\/p>\n\n\n\n<p class=\"has-text-align-center\">9.-10.8. Yht\u00e4 sirkusta! street circus event, Espoo, Finland<\/p>\n\n\n\n<p class=\"has-text-align-center\">7.9. Keravan sirkusmarkkinat<\/p>\n\n\n\n<p class=\"has-text-align-center\">12.-13.9. Stra\u00dfen!Zauber!Festival! Weilheim, Germany<\/p>\n\n\n\n<hr class=\"wp-block-separator has-alpha-channel-opacity\"\/>\n\n\n\n<p class=\"has-text-align-center\"><strong>2024<\/strong><\/p>\n\n\n\n<p class=\"has-text-align-center\"><strong>12.-13.9. <\/strong>Norden-festival, Schleswig, Germany<\/p>\n\n\n\n<p class=\"has-text-align-center\"><strong>12.-14.4.<\/strong> Promotional festival, City of Wings Ypres, Belgium<\/p>\n\n\n\n<p class=\"has-text-align-center\"><strong>25.4. <\/strong>Mobile library tour, Turku, Finland<\/p>\n\n\n\n<p class=\"has-text-align-center\"><strong>11.5.<\/strong> Finfringe -festival, Hansatori, Turku, Finland<\/p>\n\n\n\n<p class=\"has-text-align-center\"><strong>18.5. <\/strong>Radanvarsi-festivaali, Market square, Turku, Finland<\/p>\n\n\n\n<p class=\"has-text-align-center\"><strong>3.6. <\/strong>Mobile library tour, Turku, Finland<\/p>\n\n\n\n<p class=\"has-text-align-center\"><strong>8.6. <\/strong>Falun, Sweden<\/p>\n\n\n\n<p class=\"has-text-align-center\"><strong>10.6.<\/strong> Mobile library tour, Turku, Finland<\/p>\n\n\n\n<p class=\"has-text-align-center\"><strong>12.6. <\/strong>Ronneby, Sweden<\/p>\n\n\n\n<p class=\"has-text-align-center\"><strong>18.6. <\/strong>Hudiksvall Sweden<\/p>\n\n\n\n<p class=\"has-text-align-center\"><strong>19.6. <\/strong>Workshop, Hudiksvall, Sweden<\/p>\n\n\n\n<p class=\"has-text-align-center\"><strong>27.6<\/strong>. Leksand, Sweden<\/p>\n\n\n\n<p class=\"has-text-align-center\"><strong>28.6.<\/strong> Workshop, Leksand, Sweden<\/p>\n\n\n\n<p class=\"has-text-align-center\"><strong>10.8. <\/strong> Kalmar, Sweden<\/p>\n\n\n\n<p class=\"has-text-align-center\"><strong>17.8.<\/strong> Nyk\u00f6ping, Sweden<\/p>\n\n\n\n<p class=\"has-text-align-center\"><strong>18.8.<\/strong> Nytorgsfesten, Stockholm, Sweden<\/p>\n\n\n\n<p class=\"has-text-align-center\"><strong>12.-13.9.<\/strong> Norden festival, Schleswig, Germany<\/p>\n\n\n\n<p class=\"has-text-align-center\"><strong>2023<\/strong><\/p>\n\n\n\n<div style=\"height:15px\" aria-hidden=\"true\" class=\"wp-block-spacer\"><\/div>\n\n\n\n<p class=\"has-text-align-center\"><strong>14.6.<\/strong> Littoisten iltatori, Verkaranta, Lieto, Finland <\/p>\n\n\n\n<p class=\"has-text-align-center\"><strong>18.7.<\/strong> 18:00 Paimio, Nuorisotalo Tillintupa<\/p>\n\n\n\n<p class=\"has-text-align-center\"><strong>20.7.<\/strong> 19:00 Naantali, Birgitan Y\u00f6<\/p>\n\n\n\n<p class=\"has-text-align-center\"><strong>22.7.<\/strong> 14:00 Myn\u00e4m\u00e4ki, Myn\u00e4-Myn\u00e4 Maa<\/p>\n\n\n\n<p class=\"has-text-align-center\"><strong>23.7.<\/strong> 11.45 Salon tori<\/p>\n\n\n\n<div style=\"height:25px\" aria-hidden=\"true\" class=\"wp-block-spacer\"><\/div>\n\n\n\n<p class=\"has-text-align-center\">STREET SHOWS IN TURKU:<\/p>\n\n\n\n<div style=\"height:10px\" aria-hidden=\"true\" class=\"wp-block-spacer\"><\/div>\n\n\n\n<p class=\"has-text-align-center\"><strong>26.7.<\/strong> 18:00 Riverside between Kristiinankatu and L\u00e4ntinen rantakatu<\/p>\n\n\n\n<p class=\"has-text-align-center\"><strong>27.7. <\/strong>18:00 Riverside between Kristiinankatu and L\u00e4ntinen rantakatu<\/p>\n\n\n\n<p class=\"has-text-align-center\"><strong>28.7.<\/strong> 14:00 Turku Market square, 17:00 Riverside between Kristiinankatu and L\u00e4ntinen rantakatu<\/p>\n\n\n\n<p class=\"has-text-align-center\"><strong>29.7.<\/strong> 14:00 Riverside between Kristiinankatu and L\u00e4ntinen rantakatu<\/p>\n\n\n\n<p class=\"has-text-align-center\"><strong>30.7.<\/strong> 12:00, 14:00 Turku Market square, Second hand Sunday<\/p>\n\n\n\n<div style=\"height:31px\" aria-hidden=\"true\" class=\"wp-block-spacer\"><\/div>\n\n\n\n<p class=\"has-text-align-center\">FESTIVALS:<\/p>\n\n\n\n<div style=\"height:8px\" aria-hidden=\"true\" class=\"wp-block-spacer\"><\/div>\n\n\n\n<p class=\"has-text-align-center\"><span style=\"font-size: revert; text-align: center; color: var(--ast-global-color-3); background-color: var(--ast-global-color-5);\"><strong>13.8.<\/strong> Multi Bueno festival, Turku, Finland<\/span><\/p>\n\n\n\n<p class=\"has-text-align-center\"><strong>18.-20.8. <\/strong>Tallinn Fringe festival, Tallinn, Estonia<\/p>\n\n\n\n<p class=\"has-text-align-center\"><strong>1.-2.9.<\/strong> Pflasterzauber festival, Hildesheim, Germany<\/p>\n\n\n\n<p class=\"has-text-align-center\"><strong>15.-16.9.<\/strong> BRUCCA! Festival, Kalbe, Germany<\/p>\n\n\n\n<div style=\"height:33px\" aria-hidden=\"true\" class=\"wp-block-spacer\"><\/div>\n\n\n\n<p class=\"has-text-align-center\"><strong>2022<\/strong><\/p>\n\n\n\n<p class=\"has-text-align-center\">Euforia-festival, Trento, Italy<\/p>\n\n\n\n<p class=\"has-text-align-center\">Compose-festival, Jena, Germany<\/p>\n\n\n\n<p class=\"has-text-align-center\">Radanvarsi-festivaali, Turku, Finland<\/p>\n\n\n\n<div style=\"height:30px\" aria-hidden=\"true\" class=\"wp-block-spacer\"><\/div>\n\n\n\n<p class=\"has-text-align-center\"><strong>2021<\/strong><\/p>\n\n\n\n<p class=\"has-text-align-center\">Finfringe-festival, Turku, Finland<\/p>\n\n\n\n<div style=\"height:100px\" aria-hidden=\"true\" class=\"wp-block-spacer\"><\/div>\n","protected":false},"excerpt":{"rendered":"<p>2026 Open for bookings Past events 2025 17.-19.7. Pflasterspektakel Linz, Austria 9.-10.8. Yht\u00e4 sirkusta! street circus event, Espoo, Finland 7.9. Keravan sirkusmarkkinat 12.-13.9. Stra\u00dfen!Zauber!Festival! Weilheim, Germany 2024 12.-13.9. Norden-festival, Schleswig, Germany 12.-14.4. Promotional festival, City of Wings Ypres, Belgium 25.4. Mobile library tour, Turku, Finland 11.5. Finfringe -festival, Hansatori, Turku, Finland 18.5. Radanvarsi-festivaali, Market square, [&hellip;]<\/p>\n","protected":false},"author":1,"featured_media":0,"parent":0,"menu_order":0,"comment_status":"closed","ping_status":"closed","template":"","meta":{"_eb_attr":"","site-sidebar-layout":"default","site-content-layout":"","ast-site-content-layout":"default","site-content-style":"default","site-sidebar-style":"default","ast-global-header-display":"","ast-banner-title-visibility":"","ast-main-header-display":"","ast-hfb-above-header-display":"","ast-hfb-below-header-display":"","ast-hfb-mobile-header-display":"","site-post-title":"","ast-breadcrumbs-content":"","ast-featured-img":"","footer-sml-layout":"","ast-disable-related-posts":"","theme-transparent-header-meta":"","adv-header-id-meta":"","stick-header-meta":"","header-above-stick-meta":"","header-main-stick-meta":"","header-below-stick-meta":"","astra-migrate-meta-layouts":"set","ast-page-background-enabled":"default","ast-page-background-meta":{"desktop":{"background-color":"var(--ast-global-color-4)","background-image":"","background-repeat":"repeat","background-position":"center center","background-size":"auto","background-attachment":"scroll","background-type":"","background-media":"","overlay-type":"","overlay-color":"","overlay-opacity":"","overlay-gradient":""},"tablet":{"background-color":"","background-image":"","background-repeat":"repeat","background-position":"center center","background-size":"auto","background-attachment":"scroll","background-type":"","background-media":"","overlay-type":"","overlay-color":"","overlay-opacity":"","overlay-gradient":""},"mobile":{"background-color":"","background-image":"","background-repeat":"repeat","background-position":"center center","background-size":"auto","background-attachment":"scroll","background-type":"","background-media":"","overlay-type":"","overlay-color":"","overlay-opacity":"","overlay-gradient":""}},"ast-content-background-meta":{"desktop":{"background-color":"var(--ast-global-color-5)","background-image":"","background-repeat":"repeat","background-position":"center center","background-size":"auto","background-attachment":"scroll","background-type":"","background-media":"","overlay-type":"","overlay-color":"","overlay-opacity":"","overlay-gradient":""},"tablet":{"background-color":"var(--ast-global-color-5)","background-image":"","background-repeat":"repeat","background-position":"center center","background-size":"auto","background-attachment":"scroll","background-type":"","background-media":"","overlay-type":"","overlay-color":"","overlay-opacity":"","overlay-gradient":""},"mobile":{"background-color":"var(--ast-global-color-5)","background-image":"","background-repeat":"repeat","background-position":"center center","background-size":"auto","background-attachment":"scroll","background-type":"","background-media":"","overlay-type":"","overlay-color":"","overlay-opacity":"","overlay-gradient":""}},"footnotes":""},"class_list":["post-18","page","type-page","status-publish","hentry"],"_links":{"self":[{"href":"http:\/\/www.mariannevaalimaa.com\/index.php?rest_route=\/wp\/v2\/pages\/18","targetHints":{"allow":["GET"]}}],"collection":[{"href":"http:\/\/www.mariannevaalimaa.com\/index.php?rest_route=\/wp\/v2\/pages"}],"about":[{"href":"http:\/\/www.mariannevaalimaa.com\/index.php?rest_route=\/wp\/v2\/types\/page"}],"author":[{"embeddable":true,"href":"http:\/\/www.mariannevaalimaa.com\/index.php?rest_route=\/wp\/v2\/users\/1"}],"replies":[{"embeddable":true,"href":"http:\/\/www.mariannevaalimaa.com\/index.php?rest_route=%2Fwp%2Fv2%2Fcomments&post=18"}],"version-history":[{"count":40,"href":"http:\/\/www.mariannevaalimaa.com\/index.php?rest_route=\/wp\/v2\/pages\/18\/revisions"}],"predecessor-version":[{"id":773,"href":"http:\/\/www.mariannevaalimaa.com\/index.php?rest_route=\/wp\/v2\/pages\/18\/revisions\/773"}],"wp:attachment":[{"href":"http:\/\/www.mariannevaalimaa.com\/index.php?rest_route=%2Fwp%2Fv2%2Fmedia&parent=18"}],"curies":[{"name":"wp","href":"https:\/\/api.w.org\/{rel}","templated":true}]}}